{"id":21,"date":"2014-02-27T22:24:37","date_gmt":"2014-02-27T20:24:37","guid":{"rendered":"http:\/\/s537613991.online.de\/wordpress\/?page_id=21"},"modified":"2019-11-05T12:32:12","modified_gmt":"2019-11-05T10:32:12","slug":"impressum","status":"publish","type":"page","link":"https:\/\/mcv-oberkail.de\/wordpress\/impressum\/","title":{"rendered":"Impressum"},"content":{"rendered":"<p><strong>Verantwortlich:<\/strong><\/p>\n<p>MCV Oberkail e.V.<\/p>\n<p>Uwe Steines<br \/>\n1. Vorsitzender<br \/>\nKailbach Str. 1<br \/>\n54533 Oberkail<br \/>\nTelefon: +496567\/1204<br \/>\nE-Mail: uwesteines@googlemail.com<\/p>\n<div>\n<p><strong>Registereintrag<\/strong><\/p>\n<p>Aufsichtsbeh\u00f6rde: Amtsgericht Wittlich<br \/>\nVereinsregister: Wittlich<br \/>\nVereinsregisternummer: 40637<\/p>\n<p><strong>Steuernummer<\/strong><\/p>\n<p>Steuernummer: 10\/666\/4005\/1<\/p>\n<p><strong>Haftungsausschluss<\/strong><\/p>\n<p>Haftungsanspr\u00fcche gegen die Betreiber der Seite, die sich auf Sch\u00e4den materieller oder ideeller Art beziehen, die durch die Nutzung oder Nichtnutzung der dargebotenen Informationen bzw. durch die Nutzung fehlerhafter und unvollst\u00e4ndiger Informationen verursacht wurden, sind grunds\u00e4tzlich ausgeschlossen, sofern seitens der Betreiber kein nachweislich vors\u00e4tzliches oder grob fahrl\u00e4ssiges Verschulden vorliegt.<\/p>\n<p>Wir behalten uns ausdr\u00fccklich vor, Teile der Seiten oder das gesamte Angebot ohne gesondert Ank\u00fcndigung zu ver\u00e4ndern, zu erg\u00e4nzen, zu l\u00f6schen oder die Ver\u00f6ffentlichung zeitweise oder endg\u00fcltig einzustellen.<\/p>\n<p><strong>Verweise und Links<\/strong><\/p>\n<p>Sofern auf Verweisziele direkt oder indirekt durch Links verwiesen wird, die au\u00dferhalb des Verantwortungsbereichs der Betreiber liegen, haftet dieser nur dann, wenn er von den Inhalten Kenntnis hatte und es technisch m\u00f6glich und zumutbar w\u00e4re, die Nutzung im Falle rechtswidriger Inhalte zu verhindern.<\/p>\n<p>Wir erkl\u00e4ren hiermit ausdr\u00fccklich, dass zum Zeitpunkt der Linksetzung keine illegalen Inhalte auf den zu verlinkenden Seiten erkennbar waren. Auf die aktuelle und zuk\u00fcnftige Gestaltung, die Inhalte oder die Urheberschaft der verlinkten\/verkn\u00fcpften Seiten hat der Autor keinerlei Einfluss.<\/p>\n<p>F\u00fcr dar\u00fcber hinausgehende Inhalte und insbesondere f\u00fcr Sch\u00e4den, die aus der Nutzung oder Nichtnutzung solcherart dargebotener Informationen entstehen, haftet allein der Anbieter dieser Seiten, nicht derjenige, der \u00fcber Links auf die jeweilige Ver\u00f6ffentlichung verweist.<\/p>\n<p>Wir verwenden Links nur, um unseren Besuchern die M\u00f6glichkeit zu geben, sich weitere Informationen zu beschaffen. Ein Link bedeutet jedoch nicht, dass wir die entsprechenden fremden Seiten empfehlen oder dass wir uns die Inhalte zu Eigen machen.<\/p>\n<p><strong>Rechtswirksamkeit des Haftungsausschlusses<\/strong><\/p>\n<p>Dieser Haftungsausschluss ist Teil unseres Internetangebots, von dem auf diesen verwiesen wurde. Falls Teile oder Formulierungen des Textes nicht, nicht mehr oder nicht vollst\u00e4ndig der geltenden Rechtslage entsprechen sollten, bleiben die \u00fcbrigen Teile des Dokuments in ihrem Inhalt und ihrer G\u00fcltigkeit davon unber\u00fchrt.<\/p>\n<\/div>\n","protected":false},"excerpt":{"rendered":"<p>Verantwortlich: MCV Oberkail e.V. Uwe Steines 1. Vorsitzender Kailbach Str. 1 54533 Oberkail Telefon: +496567\/1204 E-Mail: uwesteines@googlemail.com Registereintrag Aufsichtsbeh\u00f6rde: Amtsgericht Wittlich Vereinsregister: Wittlich Vereinsregisternummer: 40637 Steuernummer Steuernummer: 10\/666\/4005\/1 Haftungsausschluss Haftungsanspr\u00fcche gegen die Betreiber der Seite, die sich auf Sch\u00e4den materieller oder ideeller Art beziehen, die durch die Nutzung oder Nichtnutzung der dargebotenen Informationen bzw. durch [&hellip;]<\/p>\n","protected":false},"author":1,"featured_media":0,"parent":0,"menu_order":0,"comment_status":"closed","ping_status":"closed","template":"","meta":{"footnotes":""},"class_list":["post-21","page","type-page","status-publish","czr-hentry"],"_links":{"self":[{"href":"https:\/\/mcv-oberkail.de\/wordpress\/wp-json\/wp\/v2\/pages\/21","targetHints":{"allow":["GET"]}}],"collection":[{"href":"https:\/\/mcv-oberkail.de\/wordpress\/wp-json\/wp\/v2\/pages"}],"about":[{"href":"https:\/\/mcv-oberkail.de\/wordpress\/wp-json\/wp\/v2\/types\/page"}],"author":[{"embeddable":true,"href":"https:\/\/mcv-oberkail.de\/wordpress\/wp-json\/wp\/v2\/users\/1"}],"replies":[{"embeddable":true,"href":"https:\/\/mcv-oberkail.de\/wordpress\/wp-json\/wp\/v2\/comments?post=21"}],"version-history":[{"count":7,"href":"https:\/\/mcv-oberkail.de\/wordpress\/wp-json\/wp\/v2\/pages\/21\/revisions"}],"predecessor-version":[{"id":5147,"href":"https:\/\/mcv-oberkail.de\/wordpress\/wp-json\/wp\/v2\/pages\/21\/revisions\/5147"}],"wp:attachment":[{"href":"https:\/\/mcv-oberkail.de\/wordpress\/wp-json\/wp\/v2\/media?parent=21"}],"curies":[{"name":"wp","href":"https:\/\/api.w.org\/{rel}","templated":true}]}}