{"id":23,"date":"2014-02-27T22:26:13","date_gmt":"2014-02-27T20:26:13","guid":{"rendered":"http:\/\/s537613991.online.de\/wordpress\/?page_id=23"},"modified":"2023-02-15T19:38:46","modified_gmt":"2023-02-15T17:38:46","slug":"ueber-uns","status":"publish","type":"page","link":"https:\/\/mcv-oberkail.de\/wordpress\/ueber-uns\/","title":{"rendered":"Informationen"},"content":{"rendered":"<div id=\"main-wrapper\" class=\"container\">\n<div class=\"container marketing\">\n<div class=\"row widget-area\">\n<div class=\"span4 fp-one\">\n<div class=\"widget-front\">\n<div><img loading=\"lazy\" decoding=\"async\" class=\"attachment-tc-thumb wp-post-image\" src=\"\/\/mcv-oberkail.de\/wordpress\/wp-includes\/icons\/blue\/SVG\/stack.svg\" alt=\"Downloads\" width=\"170\" height=\"150\" \/><\/div>\n<h2>Downloads<\/h2>\n<p class=\"fp-text-two\">\nErfahr mehr \u00fcber unsere Lizenzfahrerinnen &amp; Fahrer. Wer f\u00e4hrt f\u00fcr den MCV, in welcher Klasse? Erfolge?<\/p>\n<p><a class=\"btn btn-primary fp-button\" title=\"Downloads\" href=\".\/?page_id=204\">Mehr&#8230;<\/a><\/p>\n<\/div>\n<p><!-- \/.widget-front --><\/p>\n<\/div>\n<div class=\"span4 fp-two\">\n<div class=\"widget-front\">\n<div><img loading=\"lazy\" decoding=\"async\" class=\"attachment-tc-thumb wp-post-image\" src=\"\/\/mcv-oberkail.de\/wordpress\/wp-includes\/icons\/blue\/SVG\/users.svg\" alt=\"GruppeHoxberg\" width=\"170\" height=\"150\" \/><\/div>\n<h2>Kontakt<\/h2>\n<p class=\"fp-text-two\">\nDu m\u00f6chtest Mitglied werden oder hast ein anderes Anliegen? Melde dich!<\/p>\n<p><a class=\"btn btn-primary fp-button\" title=\"Fahrer\/innen\" href=\"https:\/\/mcv-oberkail.de\/wordpress\/kontakt\/\">Mehr&#8230;<\/a><\/p>\n<\/div>\n<p><!-- \/.widget-front --><\/p>\n<\/div>\n<div class=\"span4 fp-three\">\n<div class=\"widget-front\">\n<div><img loading=\"lazy\" decoding=\"async\" class=\"attachment-medium wp-post-image\" src=\"\/\/mcv-oberkail.de\/wordpress\/wp-includes\/icons\/blue\/SVG\/thumbs-up.svg\" alt=\"Sponsoren\" width=\"170\" height=\"150\" \/><\/div>\n<h2>Sponsoren<\/h2>\n<p class=\"fp-text-three\">\nVielen Dank an unsere Sponsoren und G\u00f6nner! Hier eine kurze Auflistung&#8230;<\/p>\n<p><a class=\"btn btn-primary fp-button\" title=\"Sponsoren\" href=\".\/?page_id=196\">Mehr&#8230;<\/a><\/p>\n<\/div>\n<\/div>\n<\/div>\n<\/div>\n<\/div>\n<div id=\"main-wrapper\" class=\"container\">\n<div class=\"container marketing\">\n<div class=\"row widget-area\">\n<div class=\"span4 fp-one\">\n<div class=\"widget-front\">\n<div><img loading=\"lazy\" decoding=\"async\" class=\"attachment-medium wp-post-image\" src=\"\/\/mcv-oberkail.de\/wordpress\/wp-includes\/icons\/blue\/SVG\/user2.svg\" alt=\"Vorstand\" width=\"170\" height=\"150\" \/><\/div>\n<h2>Vorstand<\/h2>\n<p class=\"fp-text-one\">\nWer verbirgt sich hinter dem MCV Oberkail? Wen kann man ansprechen?<\/p>\n<p><a class=\"btn btn-primary fp-button\" title=\"Vorstand\" href=\".\/?page_id=65\">Mehr&#8230;<\/a><\/p>\n<\/div>\n<p><!-- \/.widget-front --><\/p>\n<\/div>\n<\/div>\n<\/div>\n<\/div>\n","protected":false},"excerpt":{"rendered":"<p>Downloads Erfahr mehr \u00fcber unsere Lizenzfahrerinnen &amp; Fahrer. Wer f\u00e4hrt f\u00fcr den MCV, in welcher Klasse? Erfolge? Mehr&#8230; Kontakt Du m\u00f6chtest Mitglied werden oder hast ein anderes Anliegen? Melde dich! Mehr&#8230; Sponsoren Vielen Dank an unsere Sponsoren und G\u00f6nner! Hier eine kurze Auflistung&#8230; Mehr&#8230; Vorstand Wer verbirgt sich hinter dem MCV Oberkail? Wen kann man [&hellip;]<\/p>\n","protected":false},"author":1,"featured_media":0,"parent":0,"menu_order":0,"comment_status":"closed","ping_status":"closed","template":"","meta":{"footnotes":""},"class_list":["post-23","page","type-page","status-publish","czr-hentry"],"_links":{"self":[{"href":"https:\/\/mcv-oberkail.de\/wordpress\/wp-json\/wp\/v2\/pages\/23","targetHints":{"allow":["GET"]}}],"collection":[{"href":"https:\/\/mcv-oberkail.de\/wordpress\/wp-json\/wp\/v2\/pages"}],"about":[{"href":"https:\/\/mcv-oberkail.de\/wordpress\/wp-json\/wp\/v2\/types\/page"}],"author":[{"embeddable":true,"href":"https:\/\/mcv-oberkail.de\/wordpress\/wp-json\/wp\/v2\/users\/1"}],"replies":[{"embeddable":true,"href":"https:\/\/mcv-oberkail.de\/wordpress\/wp-json\/wp\/v2\/comments?post=23"}],"version-history":[{"count":27,"href":"https:\/\/mcv-oberkail.de\/wordpress\/wp-json\/wp\/v2\/pages\/23\/revisions"}],"predecessor-version":[{"id":5262,"href":"https:\/\/mcv-oberkail.de\/wordpress\/wp-json\/wp\/v2\/pages\/23\/revisions\/5262"}],"wp:attachment":[{"href":"https:\/\/mcv-oberkail.de\/wordpress\/wp-json\/wp\/v2\/media?parent=23"}],"curies":[{"name":"wp","href":"https:\/\/api.w.org\/{rel}","templated":true}]}}