{"id":265,"date":"2014-07-23T19:33:04","date_gmt":"2014-07-23T17:33:04","guid":{"rendered":"http:\/\/s537613991.online.de\/wordpress\/?page_id=265"},"modified":"2015-12-09T21:04:58","modified_gmt":"2015-12-09T19:04:58","slug":"unser-rennen","status":"publish","type":"page","link":"https:\/\/mcv-oberkail.de\/wordpress\/archiv\/unser-rennen\/","title":{"rendered":"R\u00fcckblick Rennen 2014"},"content":{"rendered":"<p><a href=\"http:\/\/s537613991.online.de\/wordpress\/wp-content\/uploads\/2014\/07\/2014_Plakat.jpg\"><img loading=\"lazy\" decoding=\"async\" class=\"alignleft wp-image-415 size-medium\" src=\"http:\/\/s537613991.online.de\/wordpress\/wp-content\/uploads\/2014\/07\/2014_Plakat-208x300.jpg\" alt=\"2014_Plakat\" width=\"208\" height=\"300\" \/><\/a><em>&#8222;DAMCV in Oberkail &#8211; Erlebt Motocross-Action direkt vor der Haust\u00fcr<\/em><\/p>\n<p><em>Vom Stoppelfeld zur Motocross-Piste \u2013 auch in diesem Jahr wird die Strecke in Oberkail wieder gem\u00e4\u00df diesem Motto aufgebaut. Mit Sprung- und mehrspurigen Kurvenkombinationen wird f\u00fcr actionreichen Motorsport rund um das Festzelt gesorgt.&#8220;<\/em><\/p>\n<p>&nbsp;<\/p>\n<p>Durchweg positives Feedback bekamen wir f\u00fcr unsere Veranstaltung im September 2014.<\/p>\n<p>Gro\u00dfartiger Motorsport, eine tolle Strecke, grandioser Festzeltbetrieb &#8211; vielen Dank an alle, die das m\u00f6glich gemacht haben! Wir freuen uns auf die kommenden Veranstaltungen und hoffen auf rege Teilnahme der DAMCV Fahrer\/-innen und der Motocross-verr\u00fcckten Eifeler =) &#8211; es war toll so viele Tageslizenz-Fahrer am Gatter zu haben!<\/p>\n<p>Was die Presse \u00fcber uns geschrieben hat? &#8211; Hier:<\/p>\n<p><a href=\"http:\/\/www.motocross-aktuell.de\/AMATEURSPORT\/news02092014.html\">Motocross Aktuell &#8211; Vorbericht<\/a><\/p>\n<p><a href=\"http:\/\/www.crossmagazin.de\/news\/regional\/news-20140919093851.htm\">Crossmagazin &#8211; Rennbericht<\/a><\/p>\n<p>&nbsp;<\/p>\n<p>Die Strecke? Leider nicht mehr da, aber fahr&#8216; doch zwei Runden mit Marius Steines!<\/p>\n<div class=\"su-youtube su-u-responsive-media-yes\"><iframe loading=\"lazy\" width=\"600\" height=\"400\" src=\"https:\/\/www.youtube.com\/embed\/CYPXcAClIC0?\" frameborder=\"0\" allowfullscreen allow=\"autoplay; encrypted-media; picture-in-picture\" title=\"\"><\/iframe><\/div>\n<p>&nbsp;<\/p>\n<p>&nbsp;<\/p>\n","protected":false},"excerpt":{"rendered":"<p>DAMCV in Oberkail &#8211; Erlebt Motocross-Action direkt vor der Haust\u00fcr<\/p>\n","protected":false},"author":1,"featured_media":271,"parent":2523,"menu_order":0,"comment_status":"closed","ping_status":"closed","template":"","meta":{"footnotes":""},"class_list":["post-265","page","type-page","status-publish","has-post-thumbnail","czr-hentry"],"_links":{"self":[{"href":"https:\/\/mcv-oberkail.de\/wordpress\/wp-json\/wp\/v2\/pages\/265","targetHints":{"allow":["GET"]}}],"collection":[{"href":"https:\/\/mcv-oberkail.de\/wordpress\/wp-json\/wp\/v2\/pages"}],"about":[{"href":"https:\/\/mcv-oberkail.de\/wordpress\/wp-json\/wp\/v2\/types\/page"}],"author":[{"embeddable":true,"href":"https:\/\/mcv-oberkail.de\/wordpress\/wp-json\/wp\/v2\/users\/1"}],"replies":[{"embeddable":true,"href":"https:\/\/mcv-oberkail.de\/wordpress\/wp-json\/wp\/v2\/comments?post=265"}],"version-history":[{"count":15,"href":"https:\/\/mcv-oberkail.de\/wordpress\/wp-json\/wp\/v2\/pages\/265\/revisions"}],"predecessor-version":[{"id":4712,"href":"https:\/\/mcv-oberkail.de\/wordpress\/wp-json\/wp\/v2\/pages\/265\/revisions\/4712"}],"up":[{"embeddable":true,"href":"https:\/\/mcv-oberkail.de\/wordpress\/wp-json\/wp\/v2\/pages\/2523"}],"wp:featuredmedia":[{"embeddable":true,"href":"https:\/\/mcv-oberkail.de\/wordpress\/wp-json\/wp\/v2\/media\/271"}],"wp:attachment":[{"href":"https:\/\/mcv-oberkail.de\/wordpress\/wp-json\/wp\/v2\/media?parent=265"}],"curies":[{"name":"wp","href":"https:\/\/api.w.org\/{rel}","templated":true}]}}