{"id":4707,"date":"2015-12-09T20:21:47","date_gmt":"2015-12-09T18:21:47","guid":{"rendered":"http:\/\/mcv-oberkail.de\/wordpress\/?page_id=4707"},"modified":"2018-08-16T12:45:36","modified_gmt":"2018-08-16T10:45:36","slug":"damcv-2018","status":"publish","type":"page","link":"https:\/\/mcv-oberkail.de\/wordpress\/damcv-2018\/","title":{"rendered":"Unser Rennen 2018"},"content":{"rendered":"<p>Am Wochenende vom 14.-16.09.2018 ist es soweit: Motocross kehrt zur\u00fcck in die Eifel. Nach einem Jahr Abstinenz hei\u00dft es endlich wieder &#8222;Motocross in Oberkail&#8220;. Bis die ersten Fahrer\/innen ans Startgatter rollen k\u00f6nnen bleibt f\u00fcr die Mitglieder und ehrenamtlichen Helfer des MCV Oberkail e.V. auch jetzt noch sehr viel zu organisieren, doch wir sind auf einem guten Weg.<\/p>\n<div class=\"su-divider su-divider-style-default\" style=\"margin:15px 0;border-width:3px;border-color:#999999\"><a href=\"#\" style=\"color:#999999\">Nach oben<\/a><\/div>\n<p><a href=\"https:\/\/mcv-oberkail.de\/wordpress\/wp-content\/uploads\/2018\/08\/Header_Veranstaltung_2018_1200x630_04-2.png\"><img loading=\"lazy\" decoding=\"async\" class=\"wp-image-5095 size-medium alignleft\" src=\"https:\/\/mcv-oberkail.de\/wordpress\/wp-content\/uploads\/2018\/08\/Header_Veranstaltung_2018_1200x630_04-2-300x158.png\" alt=\"\" width=\"300\" height=\"158\" srcset=\"https:\/\/mcv-oberkail.de\/wordpress\/wp-content\/uploads\/2018\/08\/Header_Veranstaltung_2018_1200x630_04-2-300x158.png 300w, https:\/\/mcv-oberkail.de\/wordpress\/wp-content\/uploads\/2018\/08\/Header_Veranstaltung_2018_1200x630_04-2-768x403.png 768w, https:\/\/mcv-oberkail.de\/wordpress\/wp-content\/uploads\/2018\/08\/Header_Veranstaltung_2018_1200x630_04-2-1024x538.png 1024w, https:\/\/mcv-oberkail.de\/wordpress\/wp-content\/uploads\/2018\/08\/Header_Veranstaltung_2018_1200x630_04-2.png 1200w\" sizes=\"auto, (max-width: 300px) 100vw, 300px\" \/><\/a><\/p>\n<p>Wir m\u00f6gen es, wenn es kuschlig ist am Streckenrand, daher haben wir die Eintrittspreise f\u00fcr die Zuschauer so niedrig wie m\u00f6glich gehalten. Erwachsene zahlen 12 Euro, die Jugend von 7 bis 14 Jahren nur 6 Euro und j\u00fcngere Kids haben freien Eintritt f\u00fcrs gesamte Wochenende.<\/p>\n<p>Wir freuen uns auf euch!<\/p>\n<div class=\"su-divider su-divider-style-default\" style=\"margin:15px 0;border-width:3px;border-color:#999999\"><\/div>\n<p>Am Freitag startet ab 16 Uhr das freie <strong>Training f\u00fcr Jedermann<\/strong>. F\u00fcr <strong>15 Euro<\/strong> k\u00f6nnt ihr bis ca. 18:30 Uhr eure Runden auf dem Racetrack 2018 drehen und mal Antesten, ob sich ein spontaner Gaststart am Wochenende nicht doch lohnt.<\/p>\n<div class=\"su-divider su-divider-style-default\" style=\"margin:15px 0;border-width:3px;border-color:#999999\"><\/div>\n<p>Doch die eigentlichen Schmankerl des Wochenendes kommen noch, denn neben der DAMCV-Meisterschaftsrennen haben wir zwei Cup-Klassen eingeplant. Cup-Klassen? Was soll das denn sein?<\/p>\n<p>Ganz einfach:<\/p>\n<p>Am Samstag gehts um den &#8222;<strong>Open MCV Cup<\/strong>&#8220; bei dem Fahrer ab 14 Jahren mit ihren Bikes ab 125ccm um insgesamt <strong>680 Euro Preisgeld<\/strong> fahren, welche auf den Pl\u00e4tzen 1 bis 5 vergeben werden. Am Sonntag werden <strong>300 Euro Preisgeld<\/strong> pro Hubraumklasse im <strong>&#8222;65\/85 ccm MCV Cup&#8220;<\/strong> an die Nachwuchsracer auf den Pl\u00e4tzen 1 bis 5 in beiden Klassen vergeben. Na, wenn das mal nicht verlockend ist?<\/p>\n<div class=\"su-spoiler su-spoiler-style-default su-spoiler-icon-plus su-spoiler-closed\" data-scroll-offset=\"0\" data-anchor-in-url=\"no\"><div class=\"su-spoiler-title\" tabindex=\"0\" role=\"button\"><span class=\"su-spoiler-icon\"><\/span>Weitere Details zum MCV Cup, zur Anmeldung sowie die Preisgeldstaffelung findet ihr hier<\/div><div class=\"su-spoiler-content su-u-clearfix su-u-trim\">\n<p>Wer Bock hat in den Cup-Klassen zu starten, meldet sich unter Nennung von Namen, Startnummer, Transpondernummer (falls vorhanden) sowie Bike &amp; Hubraum <strong>per Mail an <\/strong><strong><a href=\"mailto:cup@mcv-oberkail.de\">cup@mcv-oberkail.de<\/a><\/strong> an. Hier lohnt es sich schnell zu sein, denn wenn alle Gatterpl\u00e4tze vergeben sind, habt ihr die Chance verpasst. Anmeldeschluss ist am 07. September 20 Uhr.<\/p>\n<p>Was kostet der Spa\u00df? F\u00fcr DAMCV- sowie MSR-Lizenznehmer kostet der Start nur 50% des normalen Tageslizenz-Preises. Alle anderen zahlen den Normalpreis, den es auf der <a href=\"https:\/\/www.damcv.de\/fahrer\/formulare\">DAMCV-Website nachzulesen<\/a> gilt.<\/p>\n<p>F\u00fcr die DAMCV-Lizenzinhaber, welche im\u00a065\/85 ccm MCV Cup starten, \u00fcbernehmen wir als Verein die dazu f\u00e4lligen Tageslizenz-Kosten. Denn unser Vereinsmotto &#8222;F\u00fcr die Freizeit unserer Jugend&#8220; ist nicht einfach nur so daher gesagt, wir wollen die Jugend im Motocross tats\u00e4chlich f\u00f6rdern!<\/p>\n<p><strong>Open MCV Cup:<\/strong> \u00a0\u00a0\u00a0\u00a0\u00a0\u00a0\u00a01. Platz 225,00 \u20ac, 2. Platz 150,00 \u20ac, 3. Platz 125,00 \u20ac, 4. Platz 100,00 \u20ac, 5. Platz 80,00 \u20ac ( Summe 680,00 \u20ac)<\/p>\n<p><strong>65 ccm MCV Cup:<\/strong> \u00a0\u00a0\u00a0\u00a01. Platz 100,00 \u20ac, 2. Platz 75,00 \u20ac, 3. Platz 50,00 \u20ac, 4. Platz 40,00 \u20ac, 5. Platz 35,00 \u20ac ( Summe 300,00 \u20ac)<\/p>\n<p><strong>85 ccm MCV Cup:<\/strong> \u00a0\u00a0\u00a0\u00a01. Platz 100,00 \u20ac, 2. Platz 75,00 \u20ac, 3. Platz 50,00 \u20ac, 4. Platz 40,00 \u20ac, 5. Platz 35,00 \u20ac ( Summe 300,00 \u20ac)<\/p>\n<\/div><\/div>\n<div class=\"su-divider su-divider-style-default\" style=\"margin:15px 0;border-width:3px;border-color:#999999\"><\/div>\n<p>Die DAMCV-Starter sollten unbedingt einen Blick auf den Zeitplan werfen, denn in Oberkail ist alles ein bisschen anders \ud83d\ude09 &#8211; Zum Beispiel starten die Seitenwagen am Samstag.<\/p>\n<p><a href=\"https:\/\/mcv-oberkail.de\/wordpress\/wp-content\/uploads\/2018\/08\/Zeitplan-DAMCV-Oberkail-Samstag-2018.pdf\">Zeitplan Samstag <\/a><\/p>\n<p><a href=\"https:\/\/mcv-oberkail.de\/wordpress\/wp-content\/uploads\/2018\/08\/Zeitplan-DAMCV-Oberkail-Sonntag-2018.pdf\">Zeitplan Sonntag <\/a><\/p>\n<div class=\"su-divider su-divider-style-default\" style=\"margin:15px 0;border-width:3px;border-color:#999999\"><a href=\"#\" style=\"color:#999999\">Nach oben<\/a><\/div>\n<div class=\"su-gmap su-u-responsive-media-yes\"><iframe loading=\"lazy\" width=\"500\" height=\"400\" src=\"\/\/maps.google.com\/maps?q=50.028194%2C%206.662750&amp;output=embed\" title=\"\"><\/iframe><\/div>\n","protected":false},"excerpt":{"rendered":"<p>Nach der Saison ist vor der Saison. Wir freuen uns bereits darauf 2018 wieder ein DAMCV Rennen in Oberkail ausrichten zu d\u00fcrfen. Momentan arbeiten wir noch im stillen K\u00e4mmerchen an den Details und k\u00f6nnen daher im Moment noch nicht viel verraten.<\/p>\n","protected":false},"author":1,"featured_media":0,"parent":0,"menu_order":0,"comment_status":"closed","ping_status":"open","template":"","meta":{"footnotes":""},"class_list":["post-4707","page","type-page","status-publish","czr-hentry"],"_links":{"self":[{"href":"https:\/\/mcv-oberkail.de\/wordpress\/wp-json\/wp\/v2\/pages\/4707","targetHints":{"allow":["GET"]}}],"collection":[{"href":"https:\/\/mcv-oberkail.de\/wordpress\/wp-json\/wp\/v2\/pages"}],"about":[{"href":"https:\/\/mcv-oberkail.de\/wordpress\/wp-json\/wp\/v2\/types\/page"}],"author":[{"embeddable":true,"href":"https:\/\/mcv-oberkail.de\/wordpress\/wp-json\/wp\/v2\/users\/1"}],"replies":[{"embeddable":true,"href":"https:\/\/mcv-oberkail.de\/wordpress\/wp-json\/wp\/v2\/comments?post=4707"}],"version-history":[{"count":37,"href":"https:\/\/mcv-oberkail.de\/wordpress\/wp-json\/wp\/v2\/pages\/4707\/revisions"}],"predecessor-version":[{"id":5099,"href":"https:\/\/mcv-oberkail.de\/wordpress\/wp-json\/wp\/v2\/pages\/4707\/revisions\/5099"}],"wp:attachment":[{"href":"https:\/\/mcv-oberkail.de\/wordpress\/wp-json\/wp\/v2\/media?parent=4707"}],"curies":[{"name":"wp","href":"https:\/\/api.w.org\/{rel}","templated":true}]}}