{"id":990,"date":"2014-10-07T19:07:46","date_gmt":"2014-10-07T17:07:46","guid":{"rendered":"http:\/\/mcv-oberkail.de\/wordpress\/?page_id=990"},"modified":"2014-10-24T09:58:34","modified_gmt":"2014-10-24T07:58:34","slug":"meisterschaftsfeier-in-oberkail","status":"publish","type":"page","link":"https:\/\/mcv-oberkail.de\/wordpress\/saison-2014\/meisterschaftsfeier-in-oberkail\/","title":{"rendered":"Meisterschaftsfeier in Oberkail"},"content":{"rendered":"<p>Wir freuen uns darauf in diesem Jahr erneut die Meisterschaftsfeier des DAMCV in Oberkail auszurichten. Ab 19 Uhr geht&#8217;s los im Haus Kayl. <\/p>\n<p>Geehrt werden die jeweils ersten <span style=\"text-decoration: underline;\">f\u00fcnf <\/span>Fahrer (und Beifahrer) jeder Klasse und in der Klasse 50ccm Mini alle Teilnehmer.<\/p>\n<p>Ihr k\u00f6nnt gerne mit eurem Wohnwagen bzw. eurem Wohnmobil anreisen und \u00fcber Nacht bleiben \u2013 Wenn ihr euch dazu anmeldet gibt es \u201cam Morgen danach\u201d Fr\u00fchst\u00fcck umsonst um die gelungene Saison vollst\u00e4ndig ausklingen zu lassen.<br \/>\nEine kurze Mail an <a href=\"mailto:info@mcv-oberkail.de\">info@mcv-oberkail.de<\/a> reicht schon aus.<\/p>\n<p>&nbsp;<\/p>\n<p>&nbsp;<\/p>\n<div class=\"su-gmap su-u-responsive-media-yes\"><iframe loading=\"lazy\" width=\"500\" height=\"400\" src=\"\/\/maps.google.com\/maps?q=Kyllburger%20Stra%C3%9Fe%204%2C%2054533%20Oberkail&amp;output=embed\" title=\"\"><\/iframe><\/div>\n","protected":false},"excerpt":{"rendered":"<p>Wir freuen uns darauf in diesem Jahr erneut die Meisterschaftsfeier des DAMCV in Oberkail auszurichten.<\/p>\n","protected":false},"author":1,"featured_media":995,"parent":256,"menu_order":0,"comment_status":"closed","ping_status":"closed","template":"","meta":{"footnotes":""},"class_list":["post-990","page","type-page","status-publish","has-post-thumbnail","czr-hentry"],"_links":{"self":[{"href":"https:\/\/mcv-oberkail.de\/wordpress\/wp-json\/wp\/v2\/pages\/990","targetHints":{"allow":["GET"]}}],"collection":[{"href":"https:\/\/mcv-oberkail.de\/wordpress\/wp-json\/wp\/v2\/pages"}],"about":[{"href":"https:\/\/mcv-oberkail.de\/wordpress\/wp-json\/wp\/v2\/types\/page"}],"author":[{"embeddable":true,"href":"https:\/\/mcv-oberkail.de\/wordpress\/wp-json\/wp\/v2\/users\/1"}],"replies":[{"embeddable":true,"href":"https:\/\/mcv-oberkail.de\/wordpress\/wp-json\/wp\/v2\/comments?post=990"}],"version-history":[{"count":8,"href":"https:\/\/mcv-oberkail.de\/wordpress\/wp-json\/wp\/v2\/pages\/990\/revisions"}],"predecessor-version":[{"id":1005,"href":"https:\/\/mcv-oberkail.de\/wordpress\/wp-json\/wp\/v2\/pages\/990\/revisions\/1005"}],"up":[{"embeddable":true,"href":"https:\/\/mcv-oberkail.de\/wordpress\/wp-json\/wp\/v2\/pages\/256"}],"wp:featuredmedia":[{"embeddable":true,"href":"https:\/\/mcv-oberkail.de\/wordpress\/wp-json\/wp\/v2\/media\/995"}],"wp:attachment":[{"href":"https:\/\/mcv-oberkail.de\/wordpress\/wp-json\/wp\/v2\/media?parent=990"}],"curies":[{"name":"wp","href":"https:\/\/api.w.org\/{rel}","templated":true}]}}